{"id":1051,"date":"2017-11-30T11:27:51","date_gmt":"2017-11-30T11:27:51","guid":{"rendered":"https:\/\/www.vicenteymatanza.es\/reclamacion-clausula-suelo\/"},"modified":"2017-11-30T11:27:51","modified_gmt":"2017-11-30T11:27:51","slug":"reclamacion-clausula-suelo","status":"publish","type":"page","link":"https:\/\/www.vicenteymatanza.es\/en\/reclamacion-clausula-suelo\/","title":{"rendered":"Reclamaci\u00f3n Cl\u00e1usula Suelo"},"content":{"rendered":"<p>[et_pb_section bb_built=&#8221;1&#8243; fullwidth=&#8221;off&#8221; specialty=&#8221;off&#8221; _builder_version=&#8221;3.0.85&#8243; custom_padding=&#8221;0px||0px|&#8221;][et_pb_row _builder_version=&#8221;3.0.85&#8243; make_fullwidth=&#8221;on&#8221; use_custom_gutter=&#8221;on&#8221; gutter_width=&#8221;1&#8243; custom_padding=&#8221;150px||150px|&#8221; background_image=&#8221;https:\/\/www.vicenteymatanza.es\/wp-content\/uploads\/2017\/10\/titlebar.jpg&#8221;][et_pb_column type=&#8221;4_4&#8243;][\/et_pb_column][\/et_pb_row][et_pb_row _builder_version=&#8221;3.0.85&#8243; gutter_width=&#8221;4&#8243; custom_padding=&#8221;||0px|&#8221; make_fullwidth=&#8221;on&#8221;][et_pb_column type=&#8221;4_4&#8243;][et_pb_text admin_label=&#8221;titlebar&#8221; _builder_version=&#8221;3.0.89&#8243; background_layout=&#8221;light&#8221;]<\/p>\n<h3><span style=\"box-sizing: border-box; margin: 0px; padding: 0px; border: 0px; outline: 0px; background: 0px 0px; vertical-align: baseline; text-size-adjust: 100%; font-weight: bold;\">RECLAMACI\u00d3N CL\u00c1USULA SUELO<\/span><\/h3>\n<p>[\/et_pb_text][et_pb_divider _builder_version=&#8221;3.0.85&#8243; show_divider=&#8221;on&#8221; color=&#8221;#000000&#8243; divider_weight=&#8221;3px&#8221; max_width=&#8221;57%&#8221; module_alignment=&#8221;left&#8221; \/][\/et_pb_column][\/et_pb_row][\/et_pb_section][et_pb_section bb_built=&#8221;1&#8243;][et_pb_row][et_pb_column type=&#8221;4_4&#8243;][et_pb_text _builder_version=&#8221;3.0.89&#8243; background_layout=&#8221;light&#8221; text_orientation=&#8221;justified&#8221; module_alignment=&#8221;justified&#8221;]<\/p>\n<p><strong>Vicente &amp; Matanza <\/strong>Abogados-Asesores se ha especializado en defender los derechos de los afectados por las <strong>malas pr\u00e1cticas de las entidades bancarias<\/strong> que han llevado a muchos prestatarios a pagar unas cotas excesivas en sus recibos hipotecarios. La inclusi\u00f3n de cl\u00e1usulas abusivas en los contratos hipotecarios ha hecho que las reclamaciones sean cada vez m\u00e1s numerosas.<\/p>\n<p>[\/et_pb_text][\/et_pb_column][\/et_pb_row][et_pb_row][et_pb_column type=&#8221;4_4&#8243;][et_pb_text admin_label=&#8221;anuncio&#8221; _builder_version=&#8221;3.0.89&#8243; background_layout=&#8221;light&#8221; text_orientation=&#8221;justified&#8221; header_text_align=&#8221;center&#8221; module_alignment=&#8221;justified&#8221;]<\/p>\n<h1>Deje su reclamaci\u00f3n en nuestras manos. Dec\u00eddase y contacte con nuestros abogados. Sabemos c\u00f3mo recuperar su dinero.\u00a0Los resultados nos avalan, ya que <strong>tenemos un 100% de \u00e9xito en nuestras reclamaciones judiciales de cl\u00e1usulas suelo,<\/strong> todas ellas con devoluci\u00f3n de cantidad y con imposici\u00f3n de costas al banco.<\/h1>\n<p>[\/et_pb_text][\/et_pb_column][\/et_pb_row][et_pb_row][et_pb_column type=&#8221;4_4&#8243;][et_pb_text _builder_version=&#8221;3.0.89&#8243; background_layout=&#8221;light&#8221; text_orientation=&#8221;justified&#8221; module_alignment=&#8221;justified&#8221;]<\/p>\n<p>Nuestra firma es experta en la reclamaci\u00f3n de la <strong>nulidad de la cl\u00e1usula suelo<\/strong>\u00a0incluida en su contrato hipotecario, la <strong>devoluci\u00f3n de lo pagado de m\u00e1s <\/strong>en sus cuotas, as\u00ed como el cobro de los <strong>correspondientes intereses<\/strong> generados.<\/p>\n<p><strong>Vicente &amp; Matanza<\/strong> Abogados-Asesores: Estudiaremos la viabilidad de su caso tras un exhaustivo estudio de su contrato hipotecario en el que le indicaremos si \u00e9ste incluye alguna otra cl\u00e1usula abusiva que podamos reclamar.<\/p>\n<p>[\/et_pb_text][\/et_pb_column][\/et_pb_row][et_pb_row][et_pb_column type=&#8221;4_4&#8243;][et_pb_text admin_label=&#8221;anuncio&#8221; _builder_version=&#8221;3.0.89&#8243; background_layout=&#8221;light&#8221; text_orientation=&#8221;justified&#8221; header_text_align=&#8221;center&#8221; module_alignment=&#8221;justified&#8221;]<\/p>\n<h1>Si quiere recuperar su dinero y hacerlo de forma \u00e1gil y efectiva, contacte con nuestros profesionales. Dispone de una <strong>primera consulta gratuita<\/strong>. Contacte con nosotros.<\/h1>\n<p>[\/et_pb_text][\/et_pb_column][\/et_pb_row][et_pb_row][et_pb_column type=&#8221;4_4&#8243;][et_pb_text admin_label=&#8221;texto&#8221; _builder_version=&#8221;3.0.89&#8243; background_layout=&#8221;light&#8221; text_orientation=&#8221;justified&#8221; module_alignment=&#8221;justified&#8221;]<\/p>\n<p>Una vez, tengamos todo, iniciaremos el procedimiento sin que usted tenga que preocuparse. Mantendremos un contacto permanente para darle cumplida informaci\u00f3n de los avances y actuaremos con la agilidad y eficacia que usted necesita.<\/p>\n<p><strong>La sentencia de 21 de diciembre de 2016 dictada por el Tribunal Europeo obliga a las entidades bancarias a devolver la totalidad de los intereses cobrados de m\u00e1s por la aplicaci\u00f3n de las cl\u00e1usulas suelo de forma abusiva.<\/strong><\/p>\n<p>De forma \u00e1gil, segura y eficaz nuestros abogados interpondr\u00e1n su reclamaci\u00f3n solicitando la anulaci\u00f3n de la misma, la devoluci\u00f3n de lo cobrado de m\u00e1s y sus intereses.<\/p>\n<p>[\/et_pb_text][\/et_pb_column][\/et_pb_row][et_pb_row][et_pb_column type=&#8221;4_4&#8243;][et_pb_text admin_label=&#8221;anuncio&#8221; _builder_version=&#8221;3.0.89&#8243; background_layout=&#8221;light&#8221; text_orientation=&#8221;justified&#8221; header_text_align=&#8221;center&#8221; module_alignment=&#8221;justified&#8221;]<\/p>\n<p>&nbsp;<\/p>\n<h1><strong>Vicente &amp; Matanza<\/strong> Abogados-Asesores: Si usted es un afectado por la presencia de cl\u00e1usula suelo en su contrato hipotecario, acuda a nuestro despacho.<\/h1>\n<p>[\/et_pb_text][\/et_pb_column][\/et_pb_row][\/et_pb_section][et_pb_section bb_built=&#8221;1&#8243; fullwidth=&#8221;off&#8221; specialty=&#8221;off&#8221; _builder_version=&#8221;3.0.85&#8243; background_image=&#8221;https:\/\/www.vicenteymatanza.es\/wp-content\/uploads\/2017\/10\/banner.jpg&#8221; custom_padding=&#8221;125px||125px|&#8221; parallax=&#8221;on&#8221; parallax_method=&#8221;off&#8221;][et_pb_row _builder_version=&#8221;3.0.85&#8243; background_color=&#8221;rgba(0,0,0,0.55)&#8221;][et_pb_column type=&#8221;4_4&#8243;][et_pb_text admin_label=&#8221;banner&#8221; _builder_version=&#8221;3.0.89&#8243; background_layout=&#8221;dark&#8221; header_3_text_align=&#8221;center&#8221;]<\/p>\n<h3><strong>Vicente &amp; Matanza <\/strong>Abogados-Asesores:<\/h3>\n<h3>Eficacia, cercan\u00eda, responsabilidad y compromiso; nuestras mejores herramientas<\/h3>\n<p>[\/et_pb_text][\/et_pb_column][\/et_pb_row][\/et_pb_section]<\/p>\n","protected":false},"excerpt":{"rendered":"<p>RECLAMACI\u00d3N CL\u00c1USULA SUELO <div class=\"et_pb_row et_pb_row_0 et_pb_row_empty\">\n\t\t\t\t\n\t\t\t\t\n\t\t\t\t\n\t\t\t\t\n\t\t\t\t\n\t\t\t<\/div> Vicente &amp; Matanza Abogados-Asesores se ha especializado en defender los derechos de los afectados por las malas pr\u00e1cticas de las entidades bancarias que han llevado a muchos prestatarios a pagar unas cotas excesivas en sus recibos hipotecarios. La inclusi\u00f3n de cl\u00e1usulas abusivas en los contratos hipotecarios ha hecho que las reclamaciones [&hellip;]<\/p>\n","protected":false},"author":1,"featured_media":0,"parent":0,"menu_order":0,"comment_status":"closed","ping_status":"closed","template":"","meta":{"_et_pb_use_builder":"on","_et_pb_old_content":"","_et_gb_content_width":"","footnotes":""},"class_list":["post-1051","page","type-page","status-publish","hentry"],"aioseo_notices":[],"_links":{"self":[{"href":"https:\/\/www.vicenteymatanza.es\/en\/wp-json\/wp\/v2\/pages\/1051","targetHints":{"allow":["GET"]}}],"collection":[{"href":"https:\/\/www.vicenteymatanza.es\/en\/wp-json\/wp\/v2\/pages"}],"about":[{"href":"https:\/\/www.vicenteymatanza.es\/en\/wp-json\/wp\/v2\/types\/page"}],"author":[{"embeddable":true,"href":"https:\/\/www.vicenteymatanza.es\/en\/wp-json\/wp\/v2\/users\/1"}],"replies":[{"embeddable":true,"href":"https:\/\/www.vicenteymatanza.es\/en\/wp-json\/wp\/v2\/comments?post=1051"}],"version-history":[{"count":0,"href":"https:\/\/www.vicenteymatanza.es\/en\/wp-json\/wp\/v2\/pages\/1051\/revisions"}],"wp:attachment":[{"href":"https:\/\/www.vicenteymatanza.es\/en\/wp-json\/wp\/v2\/media?parent=1051"}],"curies":[{"name":"wp","href":"https:\/\/api.w.org\/{rel}","templated":true}]}}