{"id":1100,"date":"2017-10-31T18:47:07","date_gmt":"2017-10-31T18:47:07","guid":{"rendered":"https:\/\/www.vicenteymatanza.es\/derecho-bancario\/"},"modified":"2022-10-14T10:46:19","modified_gmt":"2022-10-14T10:46:19","slug":"derecho-bancario","status":"publish","type":"page","link":"https:\/\/www.vicenteymatanza.es\/en\/derecho-bancario\/","title":{"rendered":"Derecho Bancario"},"content":{"rendered":"<p>[et_pb_section fb_built=&#8221;1&#8243; _builder_version=&#8221;4.16&#8243; custom_padding=&#8221;0px||0px|&#8221; global_colors_info=&#8221;{}&#8221;][et_pb_row use_custom_gutter=&#8221;on&#8221; gutter_width=&#8221;1&#8243; module_class=&#8221; et_pb_row_fullwidth&#8221; _builder_version=&#8221;4.16&#8243; background_image=&#8221;https:\/\/www.vicenteymatanza.es\/wp-content\/uploads\/2017\/10\/titlebar.jpg&#8221; width=&#8221;100%&#8221; width_tablet=&#8221;100%&#8221; width_phone=&#8221;&#8221; width_last_edited=&#8221;on|desktop&#8221; max_width=&#8221;100%&#8221; max_width_tablet=&#8221;100%&#8221; max_width_phone=&#8221;&#8221; max_width_last_edited=&#8221;on|desktop&#8221; custom_padding=&#8221;150px||150px|&#8221; make_fullwidth=&#8221;on&#8221; global_colors_info=&#8221;{}&#8221;][et_pb_column type=&#8221;4_4&#8243; _builder_version=&#8221;4.16&#8243; custom_padding=&#8221;|||&#8221; global_colors_info=&#8221;{}&#8221; custom_padding__hover=&#8221;|||&#8221;][\/et_pb_column][\/et_pb_row][et_pb_row module_class=&#8221; et_pb_row_fullwidth&#8221; _builder_version=&#8221;4.16&#8243; width=&#8221;89%&#8221; width_tablet=&#8221;80%&#8221; width_phone=&#8221;&#8221; width_last_edited=&#8221;on|desktop&#8221; max_width=&#8221;89%&#8221; max_width_tablet=&#8221;80%&#8221; max_width_phone=&#8221;&#8221; max_width_last_edited=&#8221;on|desktop&#8221; custom_padding=&#8221;||0px|&#8221; make_fullwidth=&#8221;on&#8221; global_colors_info=&#8221;{}&#8221;][et_pb_column type=&#8221;4_4&#8243; _builder_version=&#8221;4.16&#8243; custom_padding=&#8221;|||&#8221; global_colors_info=&#8221;{}&#8221; custom_padding__hover=&#8221;|||&#8221;][et_pb_text admin_label=&#8221;titlebar&#8221; _builder_version=&#8221;4.16&#8243; global_colors_info=&#8221;{}&#8221;]<\/p>\n<h3><span style=\"box-sizing: border-box; margin: 0px; padding: 0px; border: 0px; outline: 0px; background: 0px 0px; vertical-align: baseline; text-size-adjust: 100%; font-weight: bold;\">DERECHO BANCARIO<\/span><\/h3>\n<p>[\/et_pb_text][et_pb_divider show_divider=&#8221;off&#8221; _builder_version=&#8221;4.16&#8243; max_width=&#8221;57%&#8221; module_alignment=&#8221;left&#8221; global_colors_info=&#8221;{}&#8221;][\/et_pb_divider][\/et_pb_column][\/et_pb_row][\/et_pb_section][et_pb_section fb_built=&#8221;1&#8243; _builder_version=&#8221;4.16&#8243; global_colors_info=&#8221;{}&#8221;][et_pb_row disabled_on=&#8221;on|on|on&#8221; _builder_version=&#8221;4.16&#8243; disabled=&#8221;on&#8221; global_colors_info=&#8221;{}&#8221;][et_pb_column type=&#8221;4_4&#8243; _builder_version=&#8221;4.16&#8243; custom_padding=&#8221;|||&#8221; global_colors_info=&#8221;{}&#8221; custom_padding__hover=&#8221;|||&#8221;][et_pb_text admin_label=&#8221;gastos hipotecarios&#8221; _builder_version=&#8221;4.16&#8243; global_colors_info=&#8221;{}&#8221;]<\/p>\n<h3><span style=\"color: #436e6f;\"><strong>GASTOS HIPOTECARIOS<\/strong><\/span><\/h3>\n<p>[\/et_pb_text][et_pb_text _builder_version=&#8221;4.16&#8243; header_text_align=&#8221;center&#8221; header_3_text_align=&#8221;center&#8221; global_colors_info=&#8221;{}&#8221;]<\/p>\n<blockquote>\n<h3><strong>Vicente &amp; Matanza <\/strong>Abogados-Asesores:<\/h3>\n<h3>Reclame sus gastos de hipoteca. Le garantizamos la mejor actuaci\u00f3n.<\/h3>\n<\/blockquote>\n<p>El Tribunal Supremo, a trav\u00e9s de la Sentencia 705\/2015 de 23 de diciembre de 2015 declar\u00f3 <strong>abusivas<\/strong> las cl\u00e1usulas recogidas en los contratos hipotecarios que imponen al prestatario el <strong>pago de todos los gastos<\/strong>, <strong>tributos<\/strong> y <strong>comisiones <\/strong>derivados del pr\u00e9stamo hipotecario.<\/p>\n<p>Los profesionales de nuestra firma son expertos en resolver reclamaciones por la presencia de esta cl\u00e1usula abusiva que, con toda probabilidad, est\u00e1 incluida en su contrato hipotecario.<\/p>\n<h1>Revise su contrato hipotecario. Pr\u00e1cticamente el 100% de las hipotecas suscritas en los \u00faltimos a\u00f1os contienen dicha cl\u00e1usula abusiva,<strong> declarada ahora abusiva y nula<\/strong>. Contacte con nuestro despacho. Nos ponemos en marcha de inmediato.<\/h1>\n<h1><strong>Nuestros profesionales le asesorar\u00e1n desde el primer momento hasta que vea satisfecha la devoluci\u00f3n de la cantidad abonada como gastos hipotecarios. Nos encargamos de todo.<\/strong><\/h1>\n<ul>\n<li><strong>Reclamaci\u00f3n ante el Servicio de Atenci\u00f3n al Cliente de la entidad financiera<\/strong> con la que firm\u00f3 su pr\u00e9stamo hipotecario.<\/li>\n<li>Trascurridos dos meses de plazo desde dicha reclamaci\u00f3n, y si la respuesta desde dicho Servicio de Atenci\u00f3n fuera negativa, (haya contestado o no el Servicio de Atenci\u00f3n al Cliente), <strong>interpondremos la correspondiente demanda judicial<\/strong>.<\/li>\n<li>Solicitaremos la <strong>nulidad de la cl\u00e1usula por abusiva<\/strong>, as\u00ed como la <strong>restituci\u00f3n de los gastos abonados<\/strong> como consecuencia de dicho contrato.<\/li>\n<\/ul>\n<blockquote>\n<h3><strong>Vicente &amp; Matanza<\/strong> Abogados-Asesores:<\/h3>\n<h3>Eficacia, compromiso y seriedad.<\/h3>\n<\/blockquote>\n<p>El <strong>plazo de reclamaci\u00f3n para hipotecas en vigencia finaliza en diciembre de 2019<\/strong>. En el caso de <strong>hipotecas ya canceladas<\/strong>, podremos presentar su reclamaci\u00f3n si la hipoteca se <strong>extingui\u00f3 despu\u00e9s del 23 de diciembre de 2011.<\/strong><\/p>\n<h1>En una hipoteca media el coste total de los gastos generados y pagados exclusivamente por usted, pueden ascender a <strong>3.000\u20ac.<\/strong><\/h1>\n<p>Se trata, en definitiva, de los gastos correspondientes a:<\/p>\n<ul>\n<li>Tasaci\u00f3n del Inmueble<\/li>\n<li>Gastos Notariales<\/li>\n<li>Gastos de Gestor\u00eda<\/li>\n<li>Gastos Registrales<\/li>\n<li>Porcentaje del Impuesto de Actos Jur\u00eddicos Documentados<\/li>\n<\/ul>\n<h3><strong>Vicente &amp; Matanza<\/strong> Abogados-Asesores le garantiza un trato cercano y una actuaci\u00f3n efectiva y f\u00e1cil ante su reclamaci\u00f3n. Somos expertos. Conf\u00ede en nuestra actuaci\u00f3n.<\/h3>\n<p>Si en su caso, <strong>ha ampliado su hipoteca y ha vuelto a hacer escrituras<\/strong>, nuestros abogados podr\u00e1n reclamar los gastos generados en primera y segunda escritura, as\u00ed como los gastos de tasaci\u00f3n, notariales, registrales, etc.<\/p>\n<blockquote>\n<h3><strong>Vicente &amp; Matanza<\/strong> Abogados-Asesores:<\/h3>\n<h3>Cons\u00faltenos. Le atenderemos en una <strong>primera consulta gratuita.<\/strong><\/h3>\n<\/blockquote>\n<p>[\/et_pb_text][\/et_pb_column][\/et_pb_row][et_pb_row disabled_on=&#8221;on|on|on&#8221; _builder_version=&#8221;4.16&#8243; disabled=&#8221;on&#8221; global_colors_info=&#8221;{}&#8221;][et_pb_column type=&#8221;4_4&#8243; _builder_version=&#8221;4.16&#8243; custom_padding=&#8221;|||&#8221; global_colors_info=&#8221;{}&#8221; custom_padding__hover=&#8221;|||&#8221;][et_pb_text admin_label=&#8221;reclamacion suelo&#8221; _builder_version=&#8221;4.16&#8243; header_text_align=&#8221;left&#8221; header_3_text_align=&#8221;left&#8221; global_colors_info=&#8221;{}&#8221;]<\/p>\n<h3><span style=\"color: #436e6f;\"><strong>RECLAMACI\u00d3N CL\u00c1USULA SUELO<\/strong><\/span><\/h3>\n<p>[\/et_pb_text][et_pb_text _builder_version=&#8221;4.16&#8243; header_text_align=&#8221;center&#8221; header_3_text_align=&#8221;center&#8221; global_colors_info=&#8221;{}&#8221;]<\/p>\n<p><strong>Vicente &amp; Matanza <\/strong>Abogados-Asesores se ha especializado en defender los derechos de los afectados por las <strong>malas pr\u00e1cticas de las entidades bancarias<\/strong> que han llevado a muchos prestatarios a pagar unas cotas excesivas en sus recibos hipotecarios. La inclusi\u00f3n de cl\u00e1usulas abusivas en los contratos hipotecarios ha hecho que las reclamaciones sean cada vez m\u00e1s numerosas.<\/p>\n<h1>Deje su reclamaci\u00f3n en nuestras manos. Dec\u00eddase y contacte con nuestros abogados. Sabemos c\u00f3mo recuperar su dinero.\u00a0Los resultados nos avalan, ya que <strong>tenemos un 100% de \u00e9xito en nuestras reclamaciones judiciales de cl\u00e1usulas suelo,<\/strong> todas ellas con devoluci\u00f3n de cantidad y con imposici\u00f3n de costas al banco.<\/h1>\n<p>Nuestra firma es experta en la reclamaci\u00f3n de la <strong>nulidad de la cl\u00e1usula suelo<\/strong>\u00a0incluida en su contrato hipotecario, la <strong>devoluci\u00f3n de lo pagado de m\u00e1s <\/strong>en sus cuotas, as\u00ed como el cobro de los <strong>correspondientes intereses<\/strong> generados.<\/p>\n<p><strong>Vicente &amp; Matanza<\/strong> Abogados-Asesores: Estudiaremos la viabilidad de su caso tras un exhaustivo estudio de su contrato hipotecario en el que le indicaremos si \u00e9ste incluye alguna otra cl\u00e1usula abusiva que podamos reclamar.<\/p>\n<h1>Si quiere recuperar su dinero y hacerlo de forma \u00e1gil y efectiva, contacte con nuestros profesionales. Dispone de una <strong>primera consulta gratuita<\/strong>. Contacte con nosotros.<\/h1>\n<p>Una vez, tengamos todo, iniciaremos el procedimiento sin que usted tenga que preocuparse. Mantendremos un contacto permanente para darle cumplida informaci\u00f3n de los avances y actuaremos con la agilidad y eficacia que usted necesita.<\/p>\n<p><strong>La sentencia de 21 de diciembre de 2016 dictada por el Tribunal Europeo obliga a las entidades bancarias a devolver la totalidad de los intereses cobrados de m\u00e1s por la aplicaci\u00f3n de las cl\u00e1usulas suelo de forma abusiva.<\/strong><\/p>\n<p>De forma \u00e1gil, segura y eficaz nuestros abogados interpondr\u00e1n su reclamaci\u00f3n solicitando la anulaci\u00f3n de la misma, la devoluci\u00f3n de lo cobrado de m\u00e1s y sus intereses.<\/p>\n<h1><strong>Vicente &amp; Matanza<\/strong> Abogados-Asesores: Si usted es un afectado por la presencia de cl\u00e1usula suelo en su contrato hipotecario, acuda a nuestro despacho.<\/h1>\n<p>[\/et_pb_text][\/et_pb_column][\/et_pb_row][et_pb_row disabled_on=&#8221;on|on|on&#8221; _builder_version=&#8221;4.16&#8243; disabled=&#8221;on&#8221; global_colors_info=&#8221;{}&#8221;][et_pb_column type=&#8221;4_4&#8243; _builder_version=&#8221;4.16&#8243; custom_padding=&#8221;|||&#8221; global_colors_info=&#8221;{}&#8221; custom_padding__hover=&#8221;|||&#8221;][et_pb_text admin_label=&#8221;clausula irph&#8221; _builder_version=&#8221;4.16&#8243; header_text_align=&#8221;left&#8221; header_3_text_align=&#8221;left&#8221; global_colors_info=&#8221;{}&#8221;]<\/p>\n<h3><span style=\"color: #436e6f;\"><strong>CL\u00c1USULA IRPH<\/strong><\/span><\/h3>\n<p>[\/et_pb_text][et_pb_text _builder_version=&#8221;4.16&#8243; header_text_align=&#8221;center&#8221; header_3_text_align=&#8221;center&#8221; global_colors_info=&#8221;{}&#8221;]<\/p>\n<p><strong>Vicente &amp; Matanza<\/strong> Abogados-Asesores le asesorar\u00e1 y aclarar\u00e1 sus dudas desde el primer contacto. Le indicaremos si su contrato hipotecario estaba sujeto a los llamados \u00edndices IRPH-Bancos e IRHP-Cajas, o al denominado IRPH-Entidades.<\/p>\n<h1>Si es usted uno de los afectados por esta cl\u00e1usula abusiva en su contrato hipotecario, nuestros profesionales reclamar\u00e1n su nulidad. Somos expertos.<\/h1>\n<p>Las entidades bancarias que ofrecieron esta posibilidad a sus clientes argumentaron la mayor estabilidad de estos \u00edndices frente a las fluctuaciones que habitualmente afectan al <em>Eur\u00edbor<\/em>.<\/p>\n<p>Muy al contrario, tanto <strong>IRPH-Bancos<\/strong> como <strong>IRPH-Cajas<\/strong> eran \u00edndices situados por encima del<em> Eur\u00edbor<\/em> y que, por tanto, <strong>implicaban un previsible encarecimiento de la hipoteca<\/strong> sin que existiese ning\u00fan tipo de contraprestaci\u00f3n para los afectados.<\/p>\n<h1>\u00bfQuiere reclamar las cantidades abonadas de m\u00e1s en su hipoteca por causa de esta cl\u00e1usula abusiva? Contacte con nuestro despacho. Actuamos con agilidad y eficacia.<\/h1>\n<p><strong>Vicente &amp; Matanza<\/strong> Abogados-Asesores cuenta con profesionales expertos que sabr\u00e1n defender sus derechos reclamando la nulidad de dicha cl\u00e1usula y recuperando as\u00ed lo pagado de m\u00e1s en su hipoteca.<\/p>\n<p>Tras se\u00f1aladas sentencias de abril de 2014 del Juzgado de lo Mercantil n\u00famero 1 de San Sebasti\u00e1n y del Juzgado de lo Mercantil n\u00famero 7 de Barcelona, dictadas el 25 de marzo de 2015se condena a las entidades financieras demandadas a devolver al prestatario las cantidades satisfechas en virtud de la cl\u00e1usula anulada por <strong>su falta de transparencia y su car\u00e1cter abusivo. <\/strong><\/p>\n<p>La nulidad de la cl\u00e1usula conlleva la condena a las entidades financieras demandadas a devolver a los prestatarios, los intereses satisfechos, en virtud de la cl\u00e1usula anulada.<\/p>\n<h1><strong>Vicente &amp; Matanza<\/strong> Abogados-Asesores: Su despacho experto en la reclamaci\u00f3n de la nulidad de la cl\u00e1usula IRPH. Act\u00fae y contacte con nuestros profesionales.<\/h1>\n<p>Sin embargo, si usted no act\u00faa y reclama su nulidad, la sentencia no actuar\u00e1 por s\u00ed sola. Nuestra recomendaci\u00f3n es que deje este asunto en manos de profesionales expertos que le garantizar\u00e1n la devoluci\u00f3n de su dinero.<\/p>\n<h1><strong>Vicente &amp;Matanza <\/strong>Asesores- Consultores le ofrece una <strong>primera consulta gratuita<\/strong> en la que analizaremos exhaustivamente su caso aclarando sus dudas e inform\u00e1ndole de la viabilidad de su reclamaci\u00f3n.<\/h1>\n<p>[\/et_pb_text][\/et_pb_column][\/et_pb_row][et_pb_row disabled_on=&#8221;on|on|on&#8221; _builder_version=&#8221;4.16&#8243; disabled=&#8221;on&#8221; global_colors_info=&#8221;{}&#8221;][et_pb_column type=&#8221;4_4&#8243; _builder_version=&#8221;4.16&#8243; custom_padding=&#8221;|||&#8221; global_colors_info=&#8221;{}&#8221; custom_padding__hover=&#8221;|||&#8221;][et_pb_text admin_label=&#8221;otras&#8221; _builder_version=&#8221;4.16&#8243; header_text_align=&#8221;center&#8221; header_3_text_align=&#8221;left&#8221; global_colors_info=&#8221;{}&#8221;]<\/p>\n<h3><span style=\"color: #436e6f;\"><strong>OTRAS RECLAMACIONES BANCARIAS<\/strong><\/span><\/h3>\n<p>[\/et_pb_text][et_pb_text _builder_version=&#8221;4.16&#8243; header_text_align=&#8221;center&#8221; header_3_text_align=&#8221;center&#8221; global_colors_info=&#8221;{}&#8221;]<\/p>\n<p><strong>Vicente &amp; Matanza<\/strong> Abogados-Asesores le ofrece a sus clientes un <strong>servicio integral<\/strong> ante las malas pr\u00e1cticas bancarias, no solo en el campo de los contratos hipotecarios, tambi\u00e9n en cualquiera de los <strong>productos t\u00f3xicos<\/strong> ofertados en los \u00faltimos tiempos. \u00bfSu entidad bancaria ha abusado de su confianza y ha firmado alg\u00fan producto financiero t\u00f3xico confiando en su profesionalidad? No espere m\u00e1s y p\u00f3ngase en contacto con nuestro despacho. Resuelva su situaci\u00f3n y recupere su inversi\u00f3n.<\/p>\n<h3><strong>Vicente &amp; Matanza <\/strong>Abogados-Asesores con un lenguaje sencillo, sin tecnicismos, para informarle de la viabilidad del mismo y de las alternativas para hacer frente a su reclamaci\u00f3n con total garant\u00eda.<\/h3>\n<p>En nuestro despacho abordamos asuntos como:<\/p>\n<ul>\n<li>Swaps<\/li>\n<li>Preferentes<\/li>\n<li>Subordinadas<\/li>\n<li>Hipotecas Multidivisa<\/li>\n<li>Valores Santander<\/li>\n<li>Productos Financieros Estructurados (PFE)<\/li>\n<li>IRPH<\/li>\n<li>Acciones Bankia<\/li>\n<li>Otros<\/li>\n<\/ul>\n<p>Nuestros profesionales le atender\u00e1n en una <strong>primera consulta gratuita<\/strong> en la que haremos un estudio de la viabilidad de su caso con total transparencia y rigor.<\/p>\n<blockquote>\n<h3><strong>Vicente &amp; Matanza<\/strong> Abogados-Asesores:<\/h3>\n<h3>Tramitamos con un alt\u00edsimo porcentaje de \u00e9xito todo tipo de reclamaciones bancarias. Contacte con nuestro despacho.<\/h3>\n<\/blockquote>\n<p>[\/et_pb_text][\/et_pb_column][\/et_pb_row][et_pb_row _builder_version=&#8221;4.16&#8243; background_size=&#8221;initial&#8221; background_position=&#8221;top_left&#8221; background_repeat=&#8221;repeat&#8221; global_colors_info=&#8221;{}&#8221;][et_pb_column type=&#8221;4_4&#8243; _builder_version=&#8221;4.16&#8243; custom_padding=&#8221;|||&#8221; global_colors_info=&#8221;{}&#8221; custom_padding__hover=&#8221;|||&#8221;][et_pb_text _builder_version=&#8221;4.18.0&#8243; text_orientation=&#8221;justified&#8221; module_alignment=&#8221;justified&#8221; global_colors_info=&#8221;{}&#8221;]<\/p>\n<p><strong>Vicente &amp; Matanza<\/strong> Abogados-Asesores<strong>\u00a0<\/strong>es un despacho especializado en las reclamaciones que numerosos clientes de entidades bancarias han presentado debido a la mala praxis habitual llevada a cabo en los \u00faltimos tiempos por las diferentes entidades financieras de nuestro pa\u00eds.<\/p>\n<p>Los profesionales de nuestra firma son expertos en resolver reclamaciones\u00a0 derivadas de la inclusi\u00f3n de cl\u00e1usulas abusivas\u00a0 en contratos hipotecarios, as\u00ed como en los contratos de cr\u00e9dito o tarjetas <em>revolving<\/em>.<\/p>\n<p>[\/et_pb_text][\/et_pb_column][\/et_pb_row][et_pb_row _builder_version=&#8221;4.16&#8243; background_size=&#8221;initial&#8221; background_position=&#8221;top_left&#8221; background_repeat=&#8221;repeat&#8221; global_colors_info=&#8221;{}&#8221;][et_pb_column type=&#8221;4_4&#8243; _builder_version=&#8221;4.16&#8243; custom_padding=&#8221;|||&#8221; global_colors_info=&#8221;{}&#8221; custom_padding__hover=&#8221;|||&#8221;][et_pb_text admin_label=&#8221;anuncio&#8221; _builder_version=&#8221;4.18.0&#8243; header_text_align=&#8221;center&#8221; global_colors_info=&#8221;{}&#8221;]<\/p>\n<h1>Nuestra experiencia y buenos resultados nos avalan. No deje pasar m\u00e1s tiempo y act\u00fae. Contacte con nuestro despacho y nosotros nos ocuparemos de su reclamaci\u00f3n desde el principio.<\/h1>\n<p>[\/et_pb_text][\/et_pb_column][\/et_pb_row][et_pb_row disabled_on=&#8221;on|on|on&#8221; _builder_version=&#8221;4.18.0&#8243; custom_padding=&#8221;||0px||false|false&#8221; disabled=&#8221;on&#8221; global_colors_info=&#8221;{}&#8221;][et_pb_column type=&#8221;4_4&#8243; _builder_version=&#8221;4.16&#8243; custom_padding=&#8221;|||&#8221; global_colors_info=&#8221;{}&#8221; custom_padding__hover=&#8221;|||&#8221;][et_pb_text _builder_version=&#8221;4.18.0&#8243; text_orientation=&#8221;justified&#8221; module_alignment=&#8221;left&#8221; global_colors_info=&#8221;{}&#8221;]<\/p>\n<p>Somos expertos en defender los derechos de los afectados por las malas pr\u00e1cticas de las entidades bancarias\u00a0 que han llevado a muchos prestatarios a pagar unas cotas excesivas en sus recibos hipotecarios.<\/p>\n<p><strong>Vicente &amp; Matanza <\/strong>Abogados-Asesores<strong>\u00a0<\/strong>es especialista en resolver satisfactoriamente asuntos como:<\/p>\n<p>&nbsp;<\/p>\n<ul>\n<li><a href=\"https:\/\/www.vicenteymatanza.es\/gastos-hipotecarios\/\"><strong>Gastos Hipotecarios<\/strong><\/a><\/li>\n<li><a href=\"https:\/\/www.vicenteymatanza.es\/en\/reclamacion-clausula-suelo\/\"><strong>Cl\u00e1usula Suelo<\/strong><\/a><\/li>\n<li><a href=\"https:\/\/www.vicenteymatanza.es\/bonos-convertibles-popular\/\"><strong>Bonos Convertibles Popular<\/strong><\/a><\/li>\n<li><a href=\"https:\/\/www.vicenteymatanza.es\/en\/otras-reclamaciones-bancarias\/\"><strong>Otras Reclamaciones<\/strong><\/a><\/li>\n<\/ul>\n<p>[\/et_pb_text][\/et_pb_column][\/et_pb_row][et_pb_row _builder_version=&#8221;4.18.0&#8243; custom_padding=&#8221;||0px||false|false&#8221; global_colors_info=&#8221;{}&#8221;][et_pb_column type=&#8221;4_4&#8243; _builder_version=&#8221;4.16&#8243; custom_padding=&#8221;|||&#8221; global_colors_info=&#8221;{}&#8221; custom_padding__hover=&#8221;|||&#8221;][et_pb_text _builder_version=&#8221;4.18.0&#8243; text_orientation=&#8221;justified&#8221; module_alignment=&#8221;left&#8221; global_colors_info=&#8221;{}&#8221;]<\/p>\n<p>Somos expertos en defender los derechos de los afectados por las malas pr\u00e1cticas de las entidades bancarias\u00a0 que han llevado a muchos prestatarios a pagar unas cotas excesivas en sus recibos hipotecarios.<\/p>\n<p><strong>Vicente &amp; Matanza <\/strong>Abogados-Asesores<strong>\u00a0<\/strong>es especialista en resolver satisfactoriamente asuntos como:<\/p>\n<p>&nbsp;<\/p>\n<ul>\n<li><a href=\"https:\/\/www.vicenteymatanza.es\/tarjetas-revolving\/\"><strong>Tarjetas <em>revolving<\/em><\/strong><\/a><\/li>\n<li><a href=\"https:\/\/www.vicenteymatanza.es\/inclusion-ficheros-morosos\/\"><strong>Inclusi\u00f3n en ficheros de morosos<\/strong><\/a><\/li>\n<li><a href=\"https:\/\/www.vicenteymatanza.es\/gastos-hipotecarios\/\"><strong>Gastos Hipotecarios<\/strong><\/a><\/li>\n<li><a href=\"https:\/\/www.vicenteymatanza.es\/en\/reclamacion-clausula-suelo\/\"><strong>Cl\u00e1usula Suelo<\/strong><\/a><\/li>\n<li><a href=\"https:\/\/www.vicenteymatanza.es\/en\/otras-reclamaciones-bancarias\/\"><strong>Otras Reclamaciones<\/strong><\/a><\/li>\n<\/ul>\n<p>[\/et_pb_text][\/et_pb_column][\/et_pb_row][\/et_pb_section][et_pb_section fb_built=&#8221;1&#8243; _builder_version=&#8221;4.16&#8243; background_image=&#8221;https:\/\/www.vicenteymatanza.es\/wp-content\/uploads\/2017\/10\/banner.jpg&#8221; parallax=&#8221;on&#8221; parallax_method=&#8221;off&#8221; custom_padding=&#8221;125px||125px|&#8221; global_colors_info=&#8221;{}&#8221;][et_pb_row _builder_version=&#8221;4.16&#8243; background_color=&#8221;rgba(0,0,0,0.55)&#8221; global_colors_info=&#8221;{}&#8221;][et_pb_column type=&#8221;4_4&#8243; _builder_version=&#8221;4.16&#8243; custom_padding=&#8221;|||&#8221; global_colors_info=&#8221;{}&#8221; custom_padding__hover=&#8221;|||&#8221;][et_pb_text admin_label=&#8221;banner&#8221; _builder_version=&#8221;4.16&#8243; header_3_text_align=&#8221;center&#8221; background_layout=&#8221;dark&#8221; global_colors_info=&#8221;{}&#8221;]<\/p>\n<h3><strong>Vicente &amp; Matanza <\/strong>Abogados-Asesores:<\/h3>\n<h3>Si usted es un afectado por la presencia de cl\u00e1usula abusiva en su contrato hipotecario acuda a nuestro despacho. Somos expertos.<\/h3>\n<p>[\/et_pb_text][\/et_pb_column][\/et_pb_row][\/et_pb_section]<\/p>\n","protected":false},"excerpt":{"rendered":"<p>DERECHO BANCARIO GASTOS HIPOTECARIOS Vicente &amp; Matanza Abogados-Asesores: Reclame sus gastos de hipoteca. Le garantizamos la mejor actuaci\u00f3n. El Tribunal Supremo, a trav\u00e9s de la Sentencia 705\/2015 de 23 de diciembre de 2015 declar\u00f3 abusivas las cl\u00e1usulas recogidas en los contratos hipotecarios que imponen al prestatario el pago de todos los gastos, tributos y comisiones [&hellip;]<\/p>\n","protected":false},"author":1,"featured_media":0,"parent":0,"menu_order":0,"comment_status":"closed","ping_status":"closed","template":"","meta":{"_et_pb_use_builder":"on","_et_pb_old_content":"","_et_gb_content_width":"","footnotes":""},"class_list":["post-1100","page","type-page","status-publish","hentry"],"aioseo_notices":[],"_links":{"self":[{"href":"https:\/\/www.vicenteymatanza.es\/en\/wp-json\/wp\/v2\/pages\/1100","targetHints":{"allow":["GET"]}}],"collection":[{"href":"https:\/\/www.vicenteymatanza.es\/en\/wp-json\/wp\/v2\/pages"}],"about":[{"href":"https:\/\/www.vicenteymatanza.es\/en\/wp-json\/wp\/v2\/types\/page"}],"author":[{"embeddable":true,"href":"https:\/\/www.vicenteymatanza.es\/en\/wp-json\/wp\/v2\/users\/1"}],"replies":[{"embeddable":true,"href":"https:\/\/www.vicenteymatanza.es\/en\/wp-json\/wp\/v2\/comments?post=1100"}],"version-history":[{"count":5,"href":"https:\/\/www.vicenteymatanza.es\/en\/wp-json\/wp\/v2\/pages\/1100\/revisions"}],"predecessor-version":[{"id":1250,"href":"https:\/\/www.vicenteymatanza.es\/en\/wp-json\/wp\/v2\/pages\/1100\/revisions\/1250"}],"wp:attachment":[{"href":"https:\/\/www.vicenteymatanza.es\/en\/wp-json\/wp\/v2\/media?parent=1100"}],"curies":[{"name":"wp","href":"https:\/\/api.w.org\/{rel}","templated":true}]}}